{"id":64,"date":"2023-03-31T10:39:51","date_gmt":"2023-03-31T06:39:51","guid":{"rendered":"https:\/\/prmph.org\/contacts\/"},"modified":"2023-06-05T07:11:28","modified_gmt":"2023-06-05T03:11:28","slug":"contacts","status":"publish","type":"page","link":"https:\/\/prmph.org\/ru\/contacts\/","title":{"rendered":"\u041a\u043e\u043d\u0442\u0430\u043a\u0442\u044b"},"content":{"rendered":"<div class=\"wpb-content-wrapper\"><p>[vc_row full_width=&#187;stretch_row_content_no_spaces&#187; css_animation=&#187;none&#187; mobile_bg_img_hidden=&#187;no&#187; tablet_bg_img_hidden=&#187;no&#187; woodmart_parallax=&#187;0&#8243; woodmart_gradient_switch=&#187;no&#187; row_reverse_mobile=&#187;0&#8243; row_reverse_tablet=&#187;0&#8243; woodmart_disable_overflow=&#187;0&#8243; woodmart_css_id=&#187;6428b71dcf70e&#187; responsive_spacing=&#187;eyJwYXJhbV90eXBlIjoid29vZG1hcnRfcmVzcG9uc2l2ZV9zcGFjaW5nIiwic2VsZWN0b3JfaWQiOiI2NDI4YjcxZGNmNzBlIiwic2hvcnRjb2RlIjoidmNfcm93IiwiZGF0YSI6eyJ0YWJsZXQiOnt9LCJtb2JpbGUiOnt9fX0=&#187; woodmart_box_shadow=&#187;no&#187; wd_z_index=&#187;no&#187; css=&#187;.vc_custom_1680389923345{margin-top: -40px !important;}&#187;][vc_column mobile_bg_img_hidden=&#187;no&#187; tablet_bg_img_hidden=&#187;no&#187; woodmart_parallax=&#187;0&#8243; woodmart_sticky_column=&#187;false&#187; parallax_scroll=&#187;no&#187; mobile_reset_margin=&#187;no&#187; tablet_reset_margin=&#187;no&#187; woodmart_css_id=&#187;6428b7e39af3d&#187; wd_collapsible_content_switcher=&#187;no&#187; wd_column_role_offcanvas_desktop=&#187;no&#187; wd_column_role_offcanvas_tablet=&#187;no&#187; wd_column_role_offcanvas_mobile=&#187;no&#187; wd_column_role_content_desktop=&#187;no&#187; wd_column_role_content_tablet=&#187;no&#187; wd_column_role_content_mobile=&#187;no&#187; woodmart_box_shadow=&#187;no&#187; responsive_spacing=&#187;eyJwYXJhbV90eXBlIjoid29vZG1hcnRfcmVzcG9uc2l2ZV9zcGFjaW5nIiwic2VsZWN0b3JfaWQiOiI2NDI4YjdlMzlhZjNkIiwic2hvcnRjb2RlIjoidmNfY29sdW1uIiwiZGF0YSI6eyJ0YWJsZXQiOnt9LCJtb2JpbGUiOnt9fX0=&#187; wd_z_index=&#187;no&#187;][vc_gmaps link=&#187;#E-8_JTNDaWZyYW1lJTIwc3JjJTNEJTIyaHR0cHMlM0ElMkYlMkZ3d3cuZ29vZ2xlLmNvbSUyRm1hcHMlMkZlbWJlZCUzRnBiJTNEJTIxMW0xOCUyMTFtMTIlMjExbTMlMjExZDUxMTIuMDE0MjU3NjEzNjE1JTIxMmQ0OS44MTE0NTYyODEwNDMyMSUyMTNkNDAuMzcyOTA4MTY1Njg1NzElMjEybTMlMjExZjAlMjEyZjAlMjEzZjAlMjEzbTIlMjExaTEwMjQlMjEyaTc2OCUyMTRmMTMuMSUyMTNtMyUyMTFtMiUyMTFzMHg0MDMwN2RlYTAwOTlmNjFmJTI1M0EweGM5YWZlNjA1YjFmYzQzOTIlMjEyejBKM1FzTkdHMExqUXZ0QzkwTERRdTlHTTBMM1FzTkdQSU5DdzBMclFzTkMwMExYUXZOQzQwWThnMEwzUXNOR0QwTG9nMEpEUXQ5QzEwWURRc2RDdzBMblF0TkMyMExEUXZkQ3clMjE1ZTAlMjEzbTIlMjExc3J1JTIxMnNheiUyMTR2MTY4MDM5MDA3Mzc2MSUyMTVtMiUyMTFzcnUlMjEyc2F6JTIyJTIwd2lkdGglM0QlMjIxMDAlMjUlMjIlMjBoZWlnaHQlM0QlMjIzNTAlMjIlMjBzdHlsZSUzRCUyMmJvcmRlciUzQTAlM0IlMjIlMjBhbGxvd2Z1bGxzY3JlZW4lM0QlMjIlMjIlMjBsb2FkaW5nJTNEJTIybGF6eSUyMiUyMHJlZmVycmVycG9saWN5JTNEJTIybm8tcmVmZXJyZXItd2hlbi1kb3duZ3JhZGUlMjIlM0UlM0MlMkZpZnJhbWUlM0U=&#187;][\/vc_column][\/vc_row][vc_row full_width=&#187;stretch_row_content_no_spaces&#187; css_animation=&#187;none&#187; mobile_bg_img_hidden=&#187;no&#187; tablet_bg_img_hidden=&#187;no&#187; woodmart_parallax=&#187;0&#8243; woodmart_gradient_switch=&#187;no&#187; row_reverse_mobile=&#187;0&#8243; row_reverse_tablet=&#187;0&#8243; woodmart_disable_overflow=&#187;0&#8243; woodmart_css_id=&#187;64269ea79ec44&#8243; responsive_spacing=&#187;eyJwYXJhbV90eXBlIjoid29vZG1hcnRfcmVzcG9uc2l2ZV9zcGFjaW5nIiwic2VsZWN0b3JfaWQiOiI2NDI2OWVhNzllYzQ0Iiwic2hvcnRjb2RlIjoidmNfcm93IiwiZGF0YSI6eyJ0YWJsZXQiOnt9LCJtb2JpbGUiOnt9fX0=&#187; woodmart_box_shadow=&#187;no&#187; wd_z_index=&#187;no&#187;][vc_column width=&#187;1\/2&#8243; mobile_bg_img_hidden=&#187;no&#187; tablet_bg_img_hidden=&#187;no&#187; woodmart_parallax=&#187;0&#8243; woodmart_sticky_column=&#187;false&#187; parallax_scroll=&#187;no&#187; mobile_reset_margin=&#187;no&#187; tablet_reset_margin=&#187;no&#187; css=&#187;.vc_custom_1680253412260{padding-right: 30px !important;padding-left: 30px !important;}&#187; woodmart_css_id=&#187;6426a1d654856&#8243; wd_collapsible_content_switcher=&#187;no&#187; wd_column_role_offcanvas_desktop=&#187;no&#187; wd_column_role_offcanvas_tablet=&#187;no&#187; wd_column_role_offcanvas_mobile=&#187;no&#187; wd_column_role_content_desktop=&#187;no&#187; wd_column_role_content_tablet=&#187;no&#187; wd_column_role_content_mobile=&#187;no&#187; woodmart_box_shadow=&#187;no&#187; responsive_spacing=&#187;eyJwYXJhbV90eXBlIjoid29vZG1hcnRfcmVzcG9uc2l2ZV9zcGFjaW5nIiwic2VsZWN0b3JfaWQiOiI2NDI2YTFkNjU0ODU2Iiwic2hvcnRjb2RlIjoidmNfY29sdW1uIiwiZGF0YSI6eyJ0YWJsZXQiOnt9LCJtb2JpbGUiOnt9fX0=&#187; wd_z_index=&#187;no&#187;]\t\t\t<link rel=\"stylesheet\" id=\"wd-section-title-css\" href=\"https:\/\/prmph.org\/wp-content\/themes\/woodmart\/css\/parts\/el-section-title.min.css?ver=7.1.4\" type=\"text\/css\" media=\"all\" \/> \t\t\t\t\t\t<link rel=\"stylesheet\" id=\"wd-mod-highlighted-text-css\" href=\"https:\/\/prmph.org\/wp-content\/themes\/woodmart\/css\/parts\/mod-highlighted-text.min.css?ver=7.1.4\" type=\"text\/css\" media=\"all\" \/> \t\t\t\n\t\t<div id=\"wd-647d524f33be9\" class=\"title-wrapper wd-wpb set-mb-s reset-last-child  wd-rs-647d524f33be9 wd-title-color-alt wd-title-style-underlined text-center  wd-underline-colored\">\n\t\t\t\n\t\t\t<div class=\"liner-continer\">\n\t\t\t\t<h4 class=\"woodmart-title-container title  wd-font-weight-400 wd-fontsize-l\" >\u041d\u0430\u0448\u0438 \u043a\u043e\u043d\u0442\u0430\u043a\u0442\u044b<\/h4>\n\t\t\t\t\t\t\t<\/div>\n\t\t\t\n\t\t\t\n\t\t\t\n\t\t<\/div>\n\t\t\n\t\t\t\t\t<link rel=\"stylesheet\" id=\"wd-list-css\" href=\"https:\/\/prmph.org\/wp-content\/themes\/woodmart\/css\/parts\/el-list.min.css?ver=7.1.4\" type=\"text\/css\" media=\"all\" \/> \t\t\t\n\t\t<ul class=\" wd-rs-6428b73fcf843 wd-list wd-wpb color-scheme- wd-fontsize-xs wd-list-type-icon wd-list-style-default wd-justify-left \" id=\"wd-6428b73fcf843\">\n\t\t\t\t\t\t\t\t\t\t\t<li>\n\t\t\t\t\t<span class=\"list-icon fas fa-map-marker-alt\"><\/span>\n\t\t\t\t\t<span class=\"list-content\">Az\u0259rbaycan Respublikas\u0131, Bak\u0131 \u015f\u0259h\u0259ri, H.Cavid pr., 115, AZ1073<\/span>\n\t\t\t\t\t\t\t\t\t<\/li>\n\t\t\t\t\t<\/ul>\n\t\t\n\t\t<ul class=\" wd-rs-6428b7506e8c7 wd-list wd-wpb color-scheme- wd-fontsize-xs wd-list-type-icon wd-list-style-default wd-justify-left \" id=\"wd-6428b7506e8c7\">\n\t\t\t\t\t\t\t\t\t\t\t<li>\n\t\t\t\t\t<span class=\"list-icon fas fa-mobile-alt\"><\/span>\n\t\t\t\t\t<span class=\"list-content\">+(994-00) 000-00-00<\/span>\n\t\t\t\t\t\t\t\t\t<\/li>\n\t\t\t\t\t<\/ul>\n\t\t\n\t\t<ul class=\" wd-rs-6428b75e12dca wd-list wd-wpb color-scheme- wd-fontsize-xs wd-list-type-icon wd-list-style-default wd-justify-left \" id=\"wd-6428b75e12dca\">\n\t\t\t\t\t\t\t\t\t\t\t<li>\n\t\t\t\t\t<span class=\"list-icon far fa-envelope\"><\/span>\n\t\t\t\t\t<span class=\"list-content\">info@prmph.org<\/span>\n\t\t\t\t\t\t\t\t\t<\/li>\n\t\t\t\t\t<\/ul>\n\t\t[vc_empty_space height=&#187;35px&#187; woodmart_hide_large=&#187;0&#8243; woodmart_hide_medium=&#187;0&#8243; woodmart_hide_small=&#187;0&#8243; woodmart_hide_extra_small=&#187;0&#8243;]\n\t\t<div id=\"wd-647d5259b0708\" class=\"title-wrapper wd-wpb set-mb-s reset-last-child  wd-rs-647d5259b0708 wd-title-color-alt wd-title-style-underlined text-center  wd-underline-colored\">\n\t\t\t\n\t\t\t<div class=\"liner-continer\">\n\t\t\t\t<h4 class=\"woodmart-title-container title  wd-font-weight-400 wd-fontsize-l\" >\u0421\u043e\u0446\u0438\u0430\u043b\u044c\u043d\u044b\u0435 \u0441\u0435\u0442\u0438<\/h4>\n\t\t\t\t\t\t\t<\/div>\n\t\t\t\n\t\t\t\n\t\t\t\n\t\t<\/div>\n\t\t\n\t\t[vc_empty_space height=&#187;20px&#187; woodmart_hide_large=&#187;0&#8243; woodmart_hide_medium=&#187;0&#8243; woodmart_hide_small=&#187;0&#8243;]\t\t\t<link rel=\"stylesheet\" id=\"wd-social-icons-css\" href=\"https:\/\/prmph.org\/wp-content\/themes\/woodmart\/css\/parts\/el-social-icons.min.css?ver=7.1.4\" type=\"text\/css\" media=\"all\" \/> \t\t\t\n\t\t\t<div class=\"wd-social-icons  icons-design-colored icons-size-default color-scheme-dark social-follow social-form-square wd-rs-6426a4c99d0ff text-center\">\n\n\t\t\t\t\n\t\t\t\t\t\t\t\t\t<a rel=\"noopener noreferrer nofollow\" href=\"#\" target=\"_blank\" class=\" wd-social-icon social-facebook\" aria-label=\"Facebook social link\">\n\t\t\t\t\t\t<span class=\"wd-icon\"><\/span>\n\t\t\t\t\t\t\t\t\t\t\t<\/a>\n\t\t\t\t\n\t\t\t\t\t\t\t\t\t<a rel=\"noopener noreferrer nofollow\" href=\"#\" target=\"_blank\" class=\" wd-social-icon social-twitter\" aria-label=\"Twitter social link\">\n\t\t\t\t\t\t<span class=\"wd-icon\"><\/span>\n\t\t\t\t\t\t\t\t\t\t\t<\/a>\n\t\t\t\t\n\t\t\t\t\n\t\t\t\t\n\t\t\t\t\t\t\t\t\t<a rel=\"noopener noreferrer nofollow\" href=\"#\" target=\"_blank\" class=\" wd-social-icon social-youtube\" aria-label=\"YouTube social link\">\n\t\t\t\t\t\t<span class=\"wd-icon\"><\/span>\n\t\t\t\t\t\t\t\t\t\t\t<\/a>\n\t\t\t\t\n\t\t\t\t\n\t\t\t\t\n\t\t\t\t\t\t\t\t\t<a rel=\"noopener noreferrer nofollow\" href=\"#\" target=\"_blank\" class=\" wd-social-icon social-linkedin\" aria-label=\"Linkedin social link\">\n\t\t\t\t\t\t<span class=\"wd-icon\"><\/span>\n\t\t\t\t\t\t\t\t\t\t\t<\/a>\n\t\t\t\t\n\t\t\t\t\n\t\t\t\t\n\t\t\t\t\n\t\t\t\t\n\t\t\t\t\n\t\t\t\t\n\t\t\t\t\n\t\t\t\t\n\t\t\t\t\t\t\t\t\t<a rel=\"noopener noreferrer nofollow\" href=\"#\" target=\"_blank\" class=\"whatsapp-desktop  wd-social-icon social-whatsapp\" aria-label=\"WhatsApp social link\">\n\t\t\t\t\t\t<span class=\"wd-icon\"><\/span>\n\t\t\t\t\t\t\t\t\t\t\t<\/a>\n\t\t\t\t\t\n\t\t\t\t\t<a rel=\"noopener noreferrer nofollow\" href=\"#\" target=\"_blank\" class=\"whatsapp-mobile  wd-social-icon social-whatsapp\" aria-label=\"WhatsApp social link\">\n\t\t\t\t\t\t<span class=\"wd-icon\"><\/span>\n\t\t\t\t\t\t\t\t\t\t\t<\/a>\n\t\t\t\t\n\t\t\t\t\t\t\t\t\n\t\t\t\t\t\t\t\t\n\t\t\t\t\n\t\t\t\t\t\t\t\t\n\t\t\t\t\n\t\t\t<\/div>\n\n\t\t[\/vc_column][vc_column width=&#187;1\/2&#8243; css=&#187;.vc_custom_1680253421993{border-left-width: 1px !important;padding-right: 30px !important;padding-left: 30px !important;border-left-color: #e8e8e8 !important;border-left-style: solid !important;}&#187; woodmart_css_id=&#187;6426a1e5b5c4e&#187; parallax_scroll=&#187;no&#187; woodmart_sticky_column=&#187;false&#187; wd_collapsible_content_switcher=&#187;no&#187; wd_column_role_offcanvas_desktop=&#187;no&#187; wd_column_role_offcanvas_tablet=&#187;no&#187; wd_column_role_offcanvas_mobile=&#187;no&#187; wd_column_role_content_desktop=&#187;no&#187; wd_column_role_content_tablet=&#187;no&#187; wd_column_role_content_mobile=&#187;no&#187; mobile_bg_img_hidden=&#187;no&#187; tablet_bg_img_hidden=&#187;no&#187; woodmart_parallax=&#187;0&#8243; woodmart_box_shadow=&#187;no&#187; responsive_spacing=&#187;eyJwYXJhbV90eXBlIjoid29vZG1hcnRfcmVzcG9uc2l2ZV9zcGFjaW5nIiwic2VsZWN0b3JfaWQiOiI2NDI2YTFlNWI1YzRlIiwic2hvcnRjb2RlIjoidmNfY29sdW1uIiwiZGF0YSI6eyJ0YWJsZXQiOnt9LCJtb2JpbGUiOnt9fX0=&#187; mobile_reset_margin=&#187;no&#187; tablet_reset_margin=&#187;no&#187; wd_z_index=&#187;no&#187;]\n\t\t<div id=\"wd-647d52439af6f\" class=\"title-wrapper wd-wpb set-mb-s reset-last-child  wd-rs-647d52439af6f wd-title-color-alt wd-title-style-underlined text-center  wd-underline-colored\">\n\t\t\t\n\t\t\t<div class=\"liner-continer\">\n\t\t\t\t<h4 class=\"woodmart-title-container title  wd-font-weight-400 wd-fontsize-l\" >\u041f\u0438\u0448\u0438\u0442\u0435 \u043d\u0430\u043c<\/h4>\n\t\t\t\t\t\t\t<\/div>\n\t\t\t\n\t\t\t\n\t\t\t\n\t\t<\/div>\n\t\t\n\t\t\n<div class=\"wpcf7 no-js\" id=\"wpcf7-f60-o1\" lang=\"en-US\" dir=\"ltr\" data-wpcf7-id=\"60\">\n<div class=\"screen-reader-response\"><p role=\"status\" aria-live=\"polite\" aria-atomic=\"true\"><\/p> <ul><\/ul><\/div>\n<form action=\"\/ru\/wp-json\/wp\/v2\/pages\/64#wpcf7-f60-o1\" method=\"post\" class=\"wpcf7-form init\" aria-label=\"Contact form\" novalidate=\"novalidate\" data-status=\"init\">\n<fieldset class=\"hidden-fields-container\"><input type=\"hidden\" name=\"_wpcf7\" value=\"60\" \/><input type=\"hidden\" name=\"_wpcf7_version\" value=\"6.1.5\" \/><input type=\"hidden\" name=\"_wpcf7_locale\" value=\"en_US\" \/><input type=\"hidden\" name=\"_wpcf7_unit_tag\" value=\"wpcf7-f60-o1\" \/><input type=\"hidden\" name=\"_wpcf7_container_post\" value=\"0\" \/><input type=\"hidden\" name=\"_wpcf7_posted_data_hash\" value=\"\" \/>\n<\/fieldset>\n<div class=\"row\">\n\t<div class=\"col-md-6\" style='margin-bottom:20px;'>\n\t\t<p><span class=\"wpcf7-form-control-wrap\" data-name=\"your-name\"><input size=\"40\" maxlength=\"400\" class=\"wpcf7-form-control wpcf7-text wpcf7-validates-as-required\" aria-required=\"true\" aria-invalid=\"false\" placeholder=\"\u0412\u0430\u0448\u0435 \u0438\u043c\u044f\" value=\"\" type=\"text\" name=\"your-name\" \/><\/span>\n\t\t<\/p>\n\t<\/div>\n\t<div class=\"col-md-6\" style='margin-bottom:20px;'>\n\t\t<p><span class=\"wpcf7-form-control-wrap\" data-name=\"your-company\"><input size=\"40\" maxlength=\"400\" class=\"wpcf7-form-control wpcf7-text wpcf7-validates-as-required\" aria-required=\"true\" aria-invalid=\"false\" placeholder=\"\u041d\u0430\u0437\u0432\u0430\u043d\u0438\u0435 \u043e\u0440\u0433\u0430\u043d\u0438\u0437\u0430\u0446\u0438\u0438\" value=\"\" type=\"text\" name=\"your-company\" \/><\/span>\n\t\t<\/p>\n\t<\/div>\n<\/div>\n<div class=\"row\">\n\t<div class=\"col-md-6\" style='margin-bottom:20px;'>\n\t\t<p><span class=\"wpcf7-form-control-wrap\" data-name=\"your-email\"><input size=\"40\" maxlength=\"400\" class=\"wpcf7-form-control wpcf7-email wpcf7-validates-as-required wpcf7-text wpcf7-validates-as-email\" aria-required=\"true\" aria-invalid=\"false\" placeholder=\"\u0412\u0430\u0448\u0430 \u044d\u043b. \u043f\u043e\u0447\u0442\u0430\" value=\"\" type=\"email\" name=\"your-email\" \/><\/span>\n\t\t<\/p>\n\t<\/div>\n\t<div class=\"col-md-6\" style='margin-bottom:20px;'>\n\t\t<p><span class=\"wpcf7-form-control-wrap\" data-name=\"phonetext-378\"><input size=\"40\" class=\"wpcf7-form-control wpcf7-phonetext wpcf7-text wpcf7-validates-as-phonetext\" data-numberonly=\"true\" aria-invalid=\"false\" value=\"\" type=\"text\" name=\"phonetext-378\" \/><input type=\"hidden\" name=\"phonetext-378-country-code\" class=\"wpcf7-phonetext-country-code\" \/><\/span>\n\t\t<\/p>\n\t<\/div>\n<\/div>\n<div class=\"row\">\n\t<div class=\"col-md-12\" style='margin-bottom:20px;'>\n\t\t<p><span class=\"wpcf7-form-control-wrap\" data-name=\"your-message\"><textarea cols=\"40\" rows=\"10\" maxlength=\"2000\" class=\"wpcf7-form-control wpcf7-textarea wpcf7-validates-as-required\" aria-required=\"true\" aria-invalid=\"false\" placeholder=\"\u0421\u043e\u043e\u0431\u0449\u0435\u043d\u0438\u0435\" name=\"your-message\"><\/textarea><\/span>\n\t\t<\/p>\n\t<\/div>\n\t<div class=\"col-md-12\" style='margin-bottom:20px;'>\n\t\t<p><span class=\"wpcf7-form-control-wrap\" data-name=\"acceptance-28\"><span class=\"wpcf7-form-control wpcf7-acceptance\"><span class=\"wpcf7-list-item\"><label><input type=\"checkbox\" name=\"acceptance-28\" value=\"1\" aria-invalid=\"false\" \/><span class=\"wpcf7-list-item-label\">\u042f \u0441\u043e\u0433\u043b\u0430\u0441\u0435\u043d(\u0430) \u0441 <a href=\"\/ru\/privacy-policy\/\" target=_\"blank\">\u0443\u0441\u043b\u043e\u0432\u0438\u044f\u043c\u0438 \u043e\u0431\u0440\u0430\u0431\u043e\u0442\u043a\u0438<\/a> \u043f\u0435\u0440\u0441\u043e\u043d\u0430\u043b\u044c\u043d\u044b\u0445 \u0434\u0430\u043d\u043d\u044b\u0445<\/span><\/label><\/span><\/span><\/span>\n\t\t<\/p>\n\t<\/div>\n<\/div>\n<div class=\"row\">\n\t<div class=\"col-md-12\" style='margin-bottom:20px;'>\n\t\t<p><input class=\"wpcf7-form-control wpcf7-submit has-spinner\" type=\"submit\" value=\"Send\" \/>\n\t\t<\/p>\n\t<\/div>\n<\/div><div class=\"wpcf7-response-output\" aria-hidden=\"true\"><\/div>\n<\/form>\n<\/div>\n[\/vc_column][\/vc_row][vc_row equal_height=&#187;yes&#187; css_animation=&#187;none&#187; css=&#187;.vc_custom_1496926452255{margin-right: -50px !important;margin-left: -50px !important;}&#187;][vc_column css=&#187;.vc_custom_1680252382884{border-right-width: 1px !important;padding-right: 30px !important;padding-left: 30px !important;border-right-color: #e8e8e8 !important;border-right-style: solid !important;}&#187; offset=&#187;vc_col-lg-6 vc_col-md-6&#8243; woodmart_css_id=&#187;64269dd45a537&#8243; parallax_scroll=&#187;no&#187; woodmart_sticky_column=&#187;false&#187; wd_collapsible_content_switcher=&#187;no&#187; wd_column_role_offcanvas_desktop=&#187;no&#187; wd_column_role_offcanvas_tablet=&#187;no&#187; wd_column_role_offcanvas_mobile=&#187;no&#187; wd_column_role_content_desktop=&#187;no&#187; wd_column_role_content_tablet=&#187;no&#187; wd_column_role_content_mobile=&#187;no&#187; mobile_bg_img_hidden=&#187;no&#187; tablet_bg_img_hidden=&#187;no&#187; woodmart_parallax=&#187;0&#8243; woodmart_box_shadow=&#187;no&#187; responsive_spacing=&#187;eyJwYXJhbV90eXBlIjoid29vZG1hcnRfcmVzcG9uc2l2ZV9zcGFjaW5nIiwic2VsZWN0b3JfaWQiOiI2NDI2OWRkNDVhNTM3Iiwic2hvcnRjb2RlIjoidmNfY29sdW1uIiwiZGF0YSI6eyJ0YWJsZXQiOnt9LCJtb2JpbGUiOnt9fX0=&#187; mobile_reset_margin=&#187;no&#187; tablet_reset_margin=&#187;no&#187; wd_z_index=&#187;no&#187;][\/vc_column][vc_column css=&#187;.vc_custom_1680252397243{padding-right: 30px !important;padding-left: 30px !important;}&#187; offset=&#187;vc_col-lg-6 vc_col-md-6&#8243; woodmart_css_id=&#187;64269de07e94c&#187; parallax_scroll=&#187;no&#187; woodmart_sticky_column=&#187;false&#187; wd_collapsible_content_switcher=&#187;no&#187; wd_column_role_offcanvas_desktop=&#187;no&#187; wd_column_role_offcanvas_tablet=&#187;no&#187; wd_column_role_offcanvas_mobile=&#187;no&#187; wd_column_role_content_desktop=&#187;no&#187; wd_column_role_content_tablet=&#187;no&#187; wd_column_role_content_mobile=&#187;no&#187; mobile_bg_img_hidden=&#187;no&#187; tablet_bg_img_hidden=&#187;no&#187; woodmart_parallax=&#187;0&#8243; woodmart_box_shadow=&#187;no&#187; responsive_spacing=&#187;eyJwYXJhbV90eXBlIjoid29vZG1hcnRfcmVzcG9uc2l2ZV9zcGFjaW5nIiwic2VsZWN0b3JfaWQiOiI2NDI2OWRlMDdlOTRjIiwic2hvcnRjb2RlIjoidmNfY29sdW1uIiwiZGF0YSI6eyJ0YWJsZXQiOnt9LCJtb2JpbGUiOnt9fX0=&#187; mobile_reset_margin=&#187;no&#187; tablet_reset_margin=&#187;no&#187; wd_z_index=&#187;no&#187;][\/vc_column][\/vc_row]<\/p>\n<\/div>","protected":false},"excerpt":{"rendered":"<p>[vc_row full_width=&#187;stretch_row_content_no_spaces&#187; css_animation=&#187;none&#187; mobile_bg_img_hidden=&#187;no&#187; tablet_bg_img_hidden=&#187;no&#187; woodmart_parallax=&#187;0&#8243; woodmart_gradient_switch=&#187;no&#187; row_reverse_mobile=&#187;0&#8243; row_reverse_tablet=&#187;0&#8243; woodmart_disable_overflow=&#187;0&#8243; woodmart_css_id=&#187;6428b71dcf70e&#187; responsive_spacing=&#187;eyJwYXJhbV90eXBlIjoid29vZG1hcnRfcmVzcG9uc2l2ZV9zcGFjaW5nIiwic2VsZWN0b3JfaWQiOiI2NDI4YjcxZGNmNzBlIiwic2hvcnRjb2RlIjoidmNfcm93IiwiZGF0YSI6eyJ0YWJsZXQiOnt9LCJtb2JpbGUiOnt9fX0=&#187; woodmart_box_shadow=&#187;no&#187; wd_z_index=&#187;no&#187; css=&#187;.vc_custom_1680389923345{margin-top: -40px !important;}&#187;][vc_column mobile_bg_img_hidden=&#187;no&#187; tablet_bg_img_hidden=&#187;no&#187; woodmart_parallax=&#187;0&#8243;<\/p>\n","protected":false},"author":1,"featured_media":0,"parent":0,"menu_order":0,"comment_status":"closed","ping_status":"closed","template":"","meta":{"footnotes":""},"class_list":["post-64","page","type-page","status-publish","hentry"],"_links":{"self":[{"href":"https:\/\/prmph.org\/ru\/wp-json\/wp\/v2\/pages\/64","targetHints":{"allow":["GET"]}}],"collection":[{"href":"https:\/\/prmph.org\/ru\/wp-json\/wp\/v2\/pages"}],"about":[{"href":"https:\/\/prmph.org\/ru\/wp-json\/wp\/v2\/types\/page"}],"author":[{"embeddable":true,"href":"https:\/\/prmph.org\/ru\/wp-json\/wp\/v2\/users\/1"}],"replies":[{"embeddable":true,"href":"https:\/\/prmph.org\/ru\/wp-json\/wp\/v2\/comments?post=64"}],"version-history":[{"count":44,"href":"https:\/\/prmph.org\/ru\/wp-json\/wp\/v2\/pages\/64\/revisions"}],"predecessor-version":[{"id":675,"href":"https:\/\/prmph.org\/ru\/wp-json\/wp\/v2\/pages\/64\/revisions\/675"}],"wp:attachment":[{"href":"https:\/\/prmph.org\/ru\/wp-json\/wp\/v2\/media?parent=64"}],"curies":[{"name":"wp","href":"https:\/\/api.w.org\/{rel}","templated":true}]}}